{"id":47,"date":"2025-01-24T10:07:33","date_gmt":"2025-01-24T03:07:33","guid":{"rendered":"https:\/\/ethoscollective.live\/?page_id=47"},"modified":"2025-06-05T21:35:23","modified_gmt":"2025-06-05T14:35:23","slug":"artists","status":"publish","type":"page","link":"https:\/\/ethoscollective.live\/vi\/artists\/","title":{"rendered":"Ngh\u1ec7 s\u0129"},"content":{"rendered":"<div data-elementor-type=\"wp-page\" data-elementor-id=\"47\" class=\"elementor elementor-47\" data-elementor-post-type=\"page\">\n\t\t\t\t<div class=\"elementor-element elementor-element-6bcb7e4 e-flex e-con-boxed e-con e-parent\" data-id=\"6bcb7e4\" data-element_type=\"container\" data-e-type=\"container\" data-settings=\"{&quot;background_background&quot;:&quot;classic&quot;}\">\n\t\t\t\t\t<div class=\"e-con-inner\">\n\t\t\t\t<div class=\"elementor-element elementor-element-899e8e0 elementor-widget elementor-widget-heading\" data-id=\"899e8e0\" data-element_type=\"widget\" data-e-type=\"widget\" data-widget_type=\"heading.default\">\n\t\t\t\t<div class=\"elementor-widget-container\">\n\t\t\t\t\t<h2 class=\"elementor-heading-title elementor-size-default\">Nh\u1eefng ngh\u1ec7 s\u0129 ti\u00eau bi\u1ec3u<span class=\"purple\"> \\\\\\ <\/span><\/h2>\t\t\t\t<\/div>\n\t\t\t\t<\/div>\n\t\t\t\t\t<\/div>\n\t\t\t\t<\/div>\n\t\t<div class=\"elementor-element elementor-element-825688e e-flex e-con-boxed e-con e-parent\" data-id=\"825688e\" data-element_type=\"container\" data-e-type=\"container\" data-settings=\"{&quot;background_background&quot;:&quot;classic&quot;}\">\n\t\t\t\t\t<div class=\"e-con-inner\">\n\t\t\t\t<div class=\"elementor-element elementor-element-404ef7b elementor-grid-2 elementor-grid-tablet-2 elementor-grid-mobile-1 elementor-posts--thumbnail-top elementor-widget elementor-widget-posts\" data-id=\"404ef7b\" data-element_type=\"widget\" data-e-type=\"widget\" data-settings=\"{&quot;classic_columns&quot;:&quot;2&quot;,&quot;classic_row_gap&quot;:{&quot;unit&quot;:&quot;px&quot;,&quot;size&quot;:30,&quot;sizes&quot;:[]},&quot;pagination_type&quot;:&quot;numbers_and_prev_next&quot;,&quot;classic_columns_tablet&quot;:&quot;2&quot;,&quot;classic_columns_mobile&quot;:&quot;1&quot;,&quot;classic_row_gap_tablet&quot;:{&quot;unit&quot;:&quot;px&quot;,&quot;size&quot;:&quot;&quot;,&quot;sizes&quot;:[]},&quot;classic_row_gap_mobile&quot;:{&quot;unit&quot;:&quot;px&quot;,&quot;size&quot;:&quot;&quot;,&quot;sizes&quot;:[]}}\" data-widget_type=\"posts.classic\">\n\t\t\t\t<div class=\"elementor-widget-container\">\n\t\t\t\t\t\t\t<div class=\"elementor-posts-container elementor-posts elementor-posts--skin-classic elementor-grid\" role=\"list\">\n\t\t\t\t<article class=\"elementor-post elementor-grid-item post-6969 band-profile-milan type-band-profile-milan status-publish has-post-thumbnail hentry featured-featured genre-hardcore\" role=\"listitem\">\n\t\t\t\t<a class=\"elementor-post__thumbnail__link\" href=\"https:\/\/ethoscollective.live\/vi\/band-profiles\/route59\/\" tabindex=\"-1\" >\n\t\t\t<div class=\"elementor-post__thumbnail\"><img fetchpriority=\"high\" decoding=\"async\" width=\"768\" height=\"514\" src=\"https:\/\/ethoscollective.live\/wp-content\/uploads\/2026\/05\/PRIORITY_USE-02-768x514.jpg\" class=\"attachment-medium_large size-medium_large wp-image-6970\" alt=\"\" srcset=\"https:\/\/ethoscollective.live\/wp-content\/uploads\/2026\/05\/PRIORITY_USE-02-768x514.jpg 768w, https:\/\/ethoscollective.live\/wp-content\/uploads\/2026\/05\/PRIORITY_USE-02-300x201.jpg 300w, https:\/\/ethoscollective.live\/wp-content\/uploads\/2026\/05\/PRIORITY_USE-02-1024x685.jpg 1024w, https:\/\/ethoscollective.live\/wp-content\/uploads\/2026\/05\/PRIORITY_USE-02-1536x1028.jpg 1536w, https:\/\/ethoscollective.live\/wp-content\/uploads\/2026\/05\/PRIORITY_USE-02-2048x1370.jpg 2048w, https:\/\/ethoscollective.live\/wp-content\/uploads\/2026\/05\/PRIORITY_USE-02-18x12.jpg 18w\" sizes=\"(max-width: 768px) 100vw, 768px\" \/><\/div>\n\t\t<\/a>\n\t\t\t\t<div class=\"elementor-post__text\">\n\t\t\t\t<h2 class=\"elementor-post__title\">\n\t\t\t<a href=\"https:\/\/ethoscollective.live\/vi\/band-profiles\/route59\/\" >\n\t\t\t\tRoute59\t\t\t<\/a>\n\t\t<\/h2>\n\t\t\t\t<div class=\"elementor-post__excerpt\">\n\t\t\t<p>Founded in 2025, ROUTE59 emerged from Saigon&#8217;s underground as a hardcore band built on the collision of each member&#8217;s distinct energy and identity. Despite their differences, the group converges under one shared voice \u2014 59 \u2014 a number that stands for Saigon and the spirit that shaped them. <\/p>\n\t\t<\/div>\n\t\t\n\t\t<a class=\"elementor-post__read-more\" href=\"https:\/\/ethoscollective.live\/vi\/band-profiles\/route59\/\" aria-label=\"Read more about Route59\" tabindex=\"-1\" >\n\t\t\t\u0110\u1ecdc th\u00eam \u00bb\t\t<\/a>\n\n\t\t\t\t<\/div>\n\t\t\t\t<\/article>\n\t\t\t\t<article class=\"elementor-post elementor-grid-item post-6962 band-profile-milan type-band-profile-milan status-publish has-post-thumbnail hentry featured-featured genre-alternative-rock genre-indie\" role=\"listitem\">\n\t\t\t\t<a class=\"elementor-post__thumbnail__link\" href=\"https:\/\/ethoscollective.live\/vi\/band-profiles\/lulaby\/\" tabindex=\"-1\" >\n\t\t\t<div class=\"elementor-post__thumbnail\"><img decoding=\"async\" width=\"768\" height=\"512\" src=\"https:\/\/ethoscollective.live\/wp-content\/uploads\/2026\/05\/Ban-sao-cua-5-768x512.jpg\" class=\"attachment-medium_large size-medium_large wp-image-6966\" alt=\"\" srcset=\"https:\/\/ethoscollective.live\/wp-content\/uploads\/2026\/05\/Ban-sao-cua-5-768x512.jpg 768w, https:\/\/ethoscollective.live\/wp-content\/uploads\/2026\/05\/Ban-sao-cua-5-300x200.jpg 300w, https:\/\/ethoscollective.live\/wp-content\/uploads\/2026\/05\/Ban-sao-cua-5-1024x683.jpg 1024w, https:\/\/ethoscollective.live\/wp-content\/uploads\/2026\/05\/Ban-sao-cua-5-1536x1024.jpg 1536w, https:\/\/ethoscollective.live\/wp-content\/uploads\/2026\/05\/Ban-sao-cua-5-2048x1365.jpg 2048w, https:\/\/ethoscollective.live\/wp-content\/uploads\/2026\/05\/Ban-sao-cua-5-18x12.jpg 18w\" sizes=\"(max-width: 768px) 100vw, 768px\" \/><\/div>\n\t\t<\/a>\n\t\t\t\t<div class=\"elementor-post__text\">\n\t\t\t\t<h2 class=\"elementor-post__title\">\n\t\t\t<a href=\"https:\/\/ethoscollective.live\/vi\/band-profiles\/lulaby\/\" >\n\t\t\t\tLulaby\t\t\t<\/a>\n\t\t<\/h2>\n\t\t\t\t<div class=\"elementor-post__excerpt\">\n\t\t\t<p>Lulaby brings a youthful, dreamy spirit to Vietnam&#8217;s indie rock scene, blending hazy textures, emotional storytelling, and genre-bending experimentation. Born in C\u1ea7n Th\u01a1 and raving in Saigon, the five-piece treats music as adventure; curious, open-hearted, and unafraid to wander between sounds.<\/p>\n\t\t<\/div>\n\t\t\n\t\t<a class=\"elementor-post__read-more\" href=\"https:\/\/ethoscollective.live\/vi\/band-profiles\/lulaby\/\" aria-label=\"Read more about Lulaby\" tabindex=\"-1\" >\n\t\t\t\u0110\u1ecdc th\u00eam \u00bb\t\t<\/a>\n\n\t\t\t\t<\/div>\n\t\t\t\t<\/article>\n\t\t\t\t<article class=\"elementor-post elementor-grid-item post-5520 band-profile-milan type-band-profile-milan status-publish has-post-thumbnail hentry genre-alternative-rock genre-garage-rock genre-post-punk\" role=\"listitem\">\n\t\t\t\t<a class=\"elementor-post__thumbnail__link\" href=\"https:\/\/ethoscollective.live\/vi\/band-profiles\/anesthetic-youth\/\" tabindex=\"-1\" >\n\t\t\t<div class=\"elementor-post__thumbnail\"><img decoding=\"async\" width=\"768\" height=\"512\" src=\"https:\/\/ethoscollective.live\/wp-content\/uploads\/2026\/01\/IMG_4318-768x512.jpg\" class=\"attachment-medium_large size-medium_large wp-image-5521\" alt=\"\" srcset=\"https:\/\/ethoscollective.live\/wp-content\/uploads\/2026\/01\/IMG_4318-768x512.jpg 768w, https:\/\/ethoscollective.live\/wp-content\/uploads\/2026\/01\/IMG_4318-300x200.jpg 300w, https:\/\/ethoscollective.live\/wp-content\/uploads\/2026\/01\/IMG_4318-1024x683.jpg 1024w, https:\/\/ethoscollective.live\/wp-content\/uploads\/2026\/01\/IMG_4318-1536x1024.jpg 1536w, https:\/\/ethoscollective.live\/wp-content\/uploads\/2026\/01\/IMG_4318-2048x1365.jpg 2048w, https:\/\/ethoscollective.live\/wp-content\/uploads\/2026\/01\/IMG_4318-18x12.jpg 18w\" sizes=\"(max-width: 768px) 100vw, 768px\" \/><\/div>\n\t\t<\/a>\n\t\t\t\t<div class=\"elementor-post__text\">\n\t\t\t\t<h2 class=\"elementor-post__title\">\n\t\t\t<a href=\"https:\/\/ethoscollective.live\/vi\/band-profiles\/anesthetic-youth\/\" >\n\t\t\t\tAnesthetic Youth\t\t\t<\/a>\n\t\t<\/h2>\n\t\t\t\t<div class=\"elementor-post__excerpt\">\n\t\t\t<p>Anesthetic Youth tr\u1edf l\u1ea1i sau b\u1ed1n n\u0103m im l\u1eb7ng v\u1edbi quy\u1ebft t\u00e2m m\u1edbi. \u0110\u01b0\u1ee3c th\u00fac \u0111\u1ea9y b\u1edfi s\u1ef1 tr\u1edf l\u1ea1i c\u1ee7a th\u00e0nh vi\u00ean s\u00e1ng l\u1eadp Jesus v\u00e0 s\u1ef1 gia nh\u1eadp c\u1ee7a gi\u1ecdng ca ch\u00ednh My An, ban nh\u1ea1c rock S\u00e0i G\u00f2n t\u00e1i xu\u1ea5t v\u1edbi \"Adapting\", m\u1ed9t c\u1ea7u n\u1ed1i tr\u1ea7m l\u1eafng gi\u1eefa s\u1ef1 kh\u1ea9n tr\u01b0\u01a1ng c\u1ee7a qu\u00e1 kh\u1ee9 v\u00e0 m\u1ed9t t\u01b0\u01a1ng lai s\u1eafc b\u00e9n, c\u00f3 ch\u1ee7 \u0111\u00edch h\u01a1n.<\/p>\n\t\t<\/div>\n\t\t\n\t\t<a class=\"elementor-post__read-more\" href=\"https:\/\/ethoscollective.live\/vi\/band-profiles\/anesthetic-youth\/\" aria-label=\"Read more about Anesthetic Youth\" tabindex=\"-1\" >\n\t\t\t\u0110\u1ecdc th\u00eam \u00bb\t\t<\/a>\n\n\t\t\t\t<\/div>\n\t\t\t\t<\/article>\n\t\t\t\t<article class=\"elementor-post elementor-grid-item post-5450 band-profile-milan type-band-profile-milan status-publish has-post-thumbnail hentry genre-alternative-rock genre-j-rock genre-math-rock\" role=\"listitem\">\n\t\t\t\t<a class=\"elementor-post__thumbnail__link\" href=\"https:\/\/ethoscollective.live\/vi\/band-profiles\/irihi\/\" tabindex=\"-1\" >\n\t\t\t<div class=\"elementor-post__thumbnail\"><img loading=\"lazy\" decoding=\"async\" width=\"768\" height=\"1152\" src=\"https:\/\/ethoscollective.live\/wp-content\/uploads\/2026\/01\/Band-Cover-2-768x1152.png\" class=\"attachment-medium_large size-medium_large wp-image-5455\" alt=\"\" srcset=\"https:\/\/ethoscollective.live\/wp-content\/uploads\/2026\/01\/Band-Cover-2-768x1152.png 768w, https:\/\/ethoscollective.live\/wp-content\/uploads\/2026\/01\/Band-Cover-2-200x300.png 200w, https:\/\/ethoscollective.live\/wp-content\/uploads\/2026\/01\/Band-Cover-2-683x1024.png 683w, https:\/\/ethoscollective.live\/wp-content\/uploads\/2026\/01\/Band-Cover-2-1024x1536.png 1024w, https:\/\/ethoscollective.live\/wp-content\/uploads\/2026\/01\/Band-Cover-2-1365x2048.png 1365w, https:\/\/ethoscollective.live\/wp-content\/uploads\/2026\/01\/Band-Cover-2-8x12.png 8w, https:\/\/ethoscollective.live\/wp-content\/uploads\/2026\/01\/Band-Cover-2-scaled.png 1707w\" sizes=\"(max-width: 768px) 100vw, 768px\" \/><\/div>\n\t\t<\/a>\n\t\t\t\t<div class=\"elementor-post__text\">\n\t\t\t\t<h2 class=\"elementor-post__title\">\n\t\t\t<a href=\"https:\/\/ethoscollective.live\/vi\/band-profiles\/irihi\/\" >\n\t\t\t\tirihi\t\t\t<\/a>\n\t\t<\/h2>\n\t\t\t\t<div class=\"elementor-post__excerpt\">\n\t\t\t<p>Xu\u1ea5t th\u00e2n t\u1eeb gi\u1edbi underground S\u00e0i G\u00f2n, irihi t\u1ea1o ra d\u00f2ng nh\u1ea1c math-rock n\u1ed9i t\u00e2m, \u0111\u01b0\u1ee3c \u0111\u1ecbnh h\u00ecnh b\u1edfi b\u1ea7u kh\u00f4ng kh\u00ed, s\u1ef1 ti\u1ebft ch\u1ebf v\u00e0 chuy\u1ec3n \u0111\u1ed9ng nh\u1eb9 nh\u00e0ng. \u0110\u01b0\u1ee3c x\u00e2y d\u1ef1ng tr\u00ean nh\u1eefng l\u1edbp guitar ch\u1ed3ng l\u00ean nhau, nh\u1ecbp \u0111i\u1ec7u bi\u1ebfn \u0111\u1ed5i v\u00e0 gi\u1ecdng h\u00e1t tr\u1ea7m l\u1eafng, \u00e2m nh\u1ea1c c\u1ee7a h\u1ecd n\u1eafm b\u1eaft nh\u1eefng suy ngh\u0129 dang d\u1edf v\u00e0 nh\u1eefng c\u1ea3m x\u00fac c\u00f2n v\u01b0\u01a1ng v\u1ea5n, ghi l\u1ea1i m\u1ed9t h\u00e0nh tr\u00ecnh ch\u1eadm r\u00e3i, c\u00f3 ch\u1ee7 \u0111\u00edch t\u1eeb nh\u1eefng bu\u1ed5i jam session ri\u00eang t\u01b0 \u0111\u1ebfn s\u1ef1 th\u1ec3 hi\u1ec7n chung.<\/p>\n\t\t<\/div>\n\t\t\n\t\t<a class=\"elementor-post__read-more\" href=\"https:\/\/ethoscollective.live\/vi\/band-profiles\/irihi\/\" aria-label=\"Read more about irihi\" tabindex=\"-1\" >\n\t\t\t\u0110\u1ecdc th\u00eam \u00bb\t\t<\/a>\n\n\t\t\t\t<\/div>\n\t\t\t\t<\/article>\n\t\t\t\t<article class=\"elementor-post elementor-grid-item post-5442 band-profile-milan type-band-profile-milan status-publish has-post-thumbnail hentry featured-featured genre-alternative-rock genre-prog-rock\" role=\"listitem\">\n\t\t\t\t<a class=\"elementor-post__thumbnail__link\" href=\"https:\/\/ethoscollective.live\/vi\/band-profiles\/the-breeze\/\" tabindex=\"-1\" >\n\t\t\t<div class=\"elementor-post__thumbnail\"><img loading=\"lazy\" decoding=\"async\" width=\"768\" height=\"512\" src=\"https:\/\/ethoscollective.live\/wp-content\/uploads\/2026\/01\/The-Breeze-768x512.jpg\" class=\"attachment-medium_large size-medium_large wp-image-5443\" alt=\"\" srcset=\"https:\/\/ethoscollective.live\/wp-content\/uploads\/2026\/01\/The-Breeze-768x512.jpg 768w, https:\/\/ethoscollective.live\/wp-content\/uploads\/2026\/01\/The-Breeze-300x200.jpg 300w, https:\/\/ethoscollective.live\/wp-content\/uploads\/2026\/01\/The-Breeze-1024x683.jpg 1024w, https:\/\/ethoscollective.live\/wp-content\/uploads\/2026\/01\/The-Breeze-1536x1024.jpg 1536w, https:\/\/ethoscollective.live\/wp-content\/uploads\/2026\/01\/The-Breeze-2048x1365.jpg 2048w, https:\/\/ethoscollective.live\/wp-content\/uploads\/2026\/01\/The-Breeze-18x12.jpg 18w\" sizes=\"(max-width: 768px) 100vw, 768px\" \/><\/div>\n\t\t<\/a>\n\t\t\t\t<div class=\"elementor-post__text\">\n\t\t\t\t<h2 class=\"elementor-post__title\">\n\t\t\t<a href=\"https:\/\/ethoscollective.live\/vi\/band-profiles\/the-breeze\/\" >\n\t\t\t\tThe Breeze\t\t\t<\/a>\n\t\t<\/h2>\n\t\t\t\t<div class=\"elementor-post__excerpt\">\n\t\t\t<p>Th\u00e0nh l\u1eadp t\u1ea1i khu Kobe, S\u00e0i G\u00f2n, THE BREEZE mang \u0111\u1ebfn d\u00f2ng nh\u1ea1c progressive rock v\u1edbi s\u1ef1 t\u1ef1 do, uy\u1ec3n chuy\u1ec3n v\u00e0 tinh th\u1ea7n \u0111\u1ed3ng \u0111\u1ed9i. Pha tr\u1ed9n nh\u1eefng \u00e2m h\u01b0\u1edfng prog hi\u1ec7n \u0111\u1ea1i v\u1edbi n\u00e9t v\u0103n h\u00f3a d\u00e2n gian Vi\u1ec7t Nam, ban nh\u1ea1c t\u1ea1o n\u00ean nh\u1eefng c\u00e2u chuy\u1ec7n m\u1ed9ng m\u01a1, \u0111\u1ea7y c\u1ea3m h\u1ee9ng v\u00e0 nh\u1eefng m\u00e0n tr\u00ecnh di\u1ec5n tr\u1ef1c ti\u1ebfp cu\u1ed1n h\u00fat, b\u1eaft ngu\u1ed3n t\u1eeb s\u1ef1 ng\u1eabu h\u1ee9ng, t\u00ecnh b\u1ea1n v\u00e0 l\u00f2ng can \u0111\u1ea3m v\u01b0\u1ee3t ra kh\u1ecfi v\u00f9ng an to\u00e0n.<\/p>\n\t\t<\/div>\n\t\t\n\t\t<a class=\"elementor-post__read-more\" href=\"https:\/\/ethoscollective.live\/vi\/band-profiles\/the-breeze\/\" aria-label=\"Read more about The Breeze\" tabindex=\"-1\" >\n\t\t\t\u0110\u1ecdc th\u00eam \u00bb\t\t<\/a>\n\n\t\t\t\t<\/div>\n\t\t\t\t<\/article>\n\t\t\t\t<article class=\"elementor-post elementor-grid-item post-3560 band-profile-milan type-band-profile-milan status-publish has-post-thumbnail hentry genre-psychodelic-rock genre-rock genre-surf\" role=\"listitem\">\n\t\t\t\t<a class=\"elementor-post__thumbnail__link\" href=\"https:\/\/ethoscollective.live\/vi\/band-profiles\/skeleton-goode\/\" tabindex=\"-1\" >\n\t\t\t<div class=\"elementor-post__thumbnail\"><img loading=\"lazy\" decoding=\"async\" width=\"768\" height=\"576\" src=\"https:\/\/ethoscollective.live\/wp-content\/uploads\/2025\/10\/d98aa08e-7405-4470-9aa4-dd2da96b7820-768x576.jpeg\" class=\"attachment-medium_large size-medium_large wp-image-3561\" alt=\"\" srcset=\"https:\/\/ethoscollective.live\/wp-content\/uploads\/2025\/10\/d98aa08e-7405-4470-9aa4-dd2da96b7820-768x576.jpeg 768w, https:\/\/ethoscollective.live\/wp-content\/uploads\/2025\/10\/d98aa08e-7405-4470-9aa4-dd2da96b7820-300x225.jpeg 300w, https:\/\/ethoscollective.live\/wp-content\/uploads\/2025\/10\/d98aa08e-7405-4470-9aa4-dd2da96b7820-1024x768.jpeg 1024w, https:\/\/ethoscollective.live\/wp-content\/uploads\/2025\/10\/d98aa08e-7405-4470-9aa4-dd2da96b7820-1536x1152.jpeg 1536w, https:\/\/ethoscollective.live\/wp-content\/uploads\/2025\/10\/d98aa08e-7405-4470-9aa4-dd2da96b7820-16x12.jpeg 16w, https:\/\/ethoscollective.live\/wp-content\/uploads\/2025\/10\/d98aa08e-7405-4470-9aa4-dd2da96b7820.jpeg 2048w\" sizes=\"(max-width: 768px) 100vw, 768px\" \/><\/div>\n\t\t<\/a>\n\t\t\t\t<div class=\"elementor-post__text\">\n\t\t\t\t<h2 class=\"elementor-post__title\">\n\t\t\t<a href=\"https:\/\/ethoscollective.live\/vi\/band-profiles\/skeleton-goode\/\" >\n\t\t\t\tSkeleton Goode\t\t\t<\/a>\n\t\t<\/h2>\n\t\t\t\t<div class=\"elementor-post__excerpt\">\n\t\t\t<p>Skeleton Goode l\u00e0 m\u1ed9t ban nh\u1ea1c psych\/surf\/prog \u0111\u1ebfn t\u1eeb S\u00e0i G\u00f2n, k\u1ebft h\u1ee3p nh\u1eefng giai \u0111i\u1ec7u s\u00f4i \u0111\u1ed9ng, \u0111i\u1ec7p kh\u00fac h\u00f9ng tr\u00e1ng v\u00e0 ch\u1ea5t nh\u1ea1c u \u00e1m. Anh t\u1eebng m\u1edf m\u00e0n cho Jack White, The Black Lips v\u00e0 The Lemonheads.<\/p>\n\t\t<\/div>\n\t\t\n\t\t<a class=\"elementor-post__read-more\" href=\"https:\/\/ethoscollective.live\/vi\/band-profiles\/skeleton-goode\/\" aria-label=\"Read more about Skeleton Goode\" tabindex=\"-1\" >\n\t\t\t\u0110\u1ecdc th\u00eam \u00bb\t\t<\/a>\n\n\t\t\t\t<\/div>\n\t\t\t\t<\/article>\n\t\t\t\t<\/div>\n\t\t\n\t\t\t\t<div class=\"e-load-more-anchor\" data-page=\"1\" data-max-page=\"7\" data-next-page=\"https:\/\/ethoscollective.live\/vi\/wp-json\/wp\/v2\/pages\/47\/page\/2\/\"><\/div>\n\t\t\t\t<nav class=\"elementor-pagination\" aria-label=\"Pagination\">\n\t\t\t<span class=\"page-numbers prev\">\u00ab Tr\u01b0\u1edbc<\/span>\n<span aria-current=\"page\" class=\"page-numbers current\"><span class=\"elementor-screen-only\">Trang<\/span>1<\/span>\n<a class=\"page-numbers\" href=\"https:\/\/ethoscollective.live\/vi\/wp-json\/wp\/v2\/pages\/47\/page\/2\/\"><span class=\"elementor-screen-only\">Trang<\/span>2<\/a>\n<a class=\"page-numbers\" href=\"https:\/\/ethoscollective.live\/vi\/wp-json\/wp\/v2\/pages\/47\/page\/3\/\"><span class=\"elementor-screen-only\">Trang<\/span>3<\/a>\n<a class=\"page-numbers\" href=\"https:\/\/ethoscollective.live\/vi\/wp-json\/wp\/v2\/pages\/47\/page\/4\/\"><span class=\"elementor-screen-only\">Trang<\/span>4<\/a>\n<a class=\"page-numbers\" href=\"https:\/\/ethoscollective.live\/vi\/wp-json\/wp\/v2\/pages\/47\/page\/5\/\"><span class=\"elementor-screen-only\">Trang<\/span>5<\/a>\n<a class=\"page-numbers\" href=\"https:\/\/ethoscollective.live\/vi\/wp-json\/wp\/v2\/pages\/47\/page\/6\/\"><span class=\"elementor-screen-only\">Trang<\/span>6<\/a>\n<a class=\"page-numbers\" href=\"https:\/\/ethoscollective.live\/vi\/wp-json\/wp\/v2\/pages\/47\/page\/7\/\"><span class=\"elementor-screen-only\">Trang<\/span>7<\/a>\n<a class=\"page-numbers next\" href=\"https:\/\/ethoscollective.live\/vi\/wp-json\/wp\/v2\/pages\/47\/page\/2\/\">Ti\u1ebfp \u00bb<\/a>\t\t<\/nav>\n\t\t\t\t\t\t<\/div>\n\t\t\t\t<\/div>\n\t\t\t\t\t<\/div>\n\t\t\t\t<\/div>\n\t\t<div class=\"elementor-element elementor-element-967123f e-flex e-con-boxed e-con e-parent\" data-id=\"967123f\" data-element_type=\"container\" data-e-type=\"container\" data-settings=\"{&quot;background_background&quot;:&quot;classic&quot;}\">\n\t\t\t\t\t<div class=\"e-con-inner\">\n\t\t\t\t<div class=\"elementor-element elementor-element-3740500 elementor-widget elementor-widget-heading\" data-id=\"3740500\" data-element_type=\"widget\" data-e-type=\"widget\" data-widget_type=\"heading.default\">\n\t\t\t\t<div class=\"elementor-widget-container\">\n\t\t\t\t\t<h2 class=\"elementor-heading-title elementor-size-default\">B\u1ea1n C\u00f3 Ban Nh\u1ea1c Kh\u00f4ng? <br>H\u00e3y cho ch\u00fang t\u00f4i bi\u1ebft \u0111\u1ec3 th\u00eam ban nh\u1ea1c c\u1ee7a b\u1ea1n v\u00e0o danh s\u00e1ch c\u1ee7a ch\u00fang t\u00f4i!<\/h2>\t\t\t\t<\/div>\n\t\t\t\t<\/div>\n\t\t\t\t<div class=\"elementor-element elementor-element-abbabfa elementor-align-center elementor-widget elementor-widget-button\" data-id=\"abbabfa\" data-element_type=\"widget\" data-e-type=\"widget\" data-widget_type=\"button.default\">\n\t\t\t\t<div class=\"elementor-widget-container\">\n\t\t\t\t\t\t\t\t\t<div class=\"elementor-button-wrapper\">\n\t\t\t\t\t<a class=\"elementor-button elementor-button-link elementor-size-sm\" href=\"https:\/\/docs.google.com\/forms\/d\/e\/1FAIpQLSdIskSNi97yghxxyUQwQ1ducknxrfPe2eoCf3QUOxN8PkZhBg\/viewform?usp=header\" target=\"_blank\" rel=\"noopener\">\n\t\t\t\t\t\t<span class=\"elementor-button-content-wrapper\">\n\t\t\t\t\t\t\t\t\t<span class=\"elementor-button-text\">Th\u00eam Ban Nh\u1ea1c C\u1ee7a T\u00f4i<\/span>\n\t\t\t\t\t<\/span>\n\t\t\t\t\t<\/a>\n\t\t\t\t<\/div>\n\t\t\t\t\t\t\t\t<\/div>\n\t\t\t\t<\/div>\n\t\t\t\t\t<\/div>\n\t\t\t\t<\/div>\n\t\t\t\t<\/div>","protected":false},"excerpt":{"rendered":"<p>Our Featured Artists \\ Do You Have a Band? Let us Know and we&#8217;ll add you to our list! Add My Band<\/p>","protected":false},"author":1,"featured_media":0,"parent":0,"menu_order":0,"comment_status":"closed","ping_status":"closed","template":"","meta":{"_acf_changed":false,"_daextam_enable_autolinks":"","footnotes":""},"class_list":["post-47","page","type-page","status-publish","hentry"],"acf":[],"_links":{"self":[{"href":"https:\/\/ethoscollective.live\/vi\/wp-json\/wp\/v2\/pages\/47","targetHints":{"allow":["GET"]}}],"collection":[{"href":"https:\/\/ethoscollective.live\/vi\/wp-json\/wp\/v2\/pages"}],"about":[{"href":"https:\/\/ethoscollective.live\/vi\/wp-json\/wp\/v2\/types\/page"}],"author":[{"embeddable":true,"href":"https:\/\/ethoscollective.live\/vi\/wp-json\/wp\/v2\/users\/1"}],"replies":[{"embeddable":true,"href":"https:\/\/ethoscollective.live\/vi\/wp-json\/wp\/v2\/comments?post=47"}],"version-history":[{"count":12,"href":"https:\/\/ethoscollective.live\/vi\/wp-json\/wp\/v2\/pages\/47\/revisions"}],"predecessor-version":[{"id":2713,"href":"https:\/\/ethoscollective.live\/vi\/wp-json\/wp\/v2\/pages\/47\/revisions\/2713"}],"wp:attachment":[{"href":"https:\/\/ethoscollective.live\/vi\/wp-json\/wp\/v2\/media?parent=47"}],"curies":[{"name":"wp","href":"https:\/\/api.w.org\/{rel}","templated":true}]}}